


{"id":1118,"date":"2025-10-08T08:52:52","date_gmt":"2025-10-08T08:52:52","guid":{"rendered":"https:\/\/critisales.com\/?page_id=1118"},"modified":"2025-10-08T08:52:52","modified_gmt":"2025-10-08T08:52:52","slug":"kontakt","status":"publish","type":"page","link":"https:\/\/critisales.com\/?page_id=1118","title":{"rendered":"Kontakt"},"content":{"rendered":"<p>Denna webbplats \u00e4gs av Critisales AB. Vi str\u00e4var efter att tillhandah\u00e5lla relevant och anv\u00e4ndbar information till v\u00e5ra anv\u00e4ndare.<\/p>\n<p>F\u00f6retagets namn: Critisales AB<br \/>\nRegistrerat kontor: Linn\u00e9gatan 11C, 753 32 Uppsala, Sverige<br \/>\nE-post: <a href=\"mailto:info@critisales.com\">info@critisales.com<\/a><br \/>\nTelefon: <a href=\"tel:+46737520719\">+46737520719<\/a><br \/>\nVD: Lovisa Nilsson<br \/>\nOrganisationsnummer: SE999610485514<br \/>\nRegistreringsmyndighetens namn: Law Office Prime Lex<br \/>\nRegistreringsmyndighetens adress: Stabby all\u00e9 7B, 752 29 Uppsala, Sverige<\/p>\n<p><b>Ansvarsskyldighet f\u00f6r inneh\u00e5ll:<\/b><br \/>\nVi ansvarar inte f\u00f6r inneh\u00e5llet i l\u00e4nkar till tredje parts webbplatser som kan finnas tillg\u00e4ngliga p\u00e5 v\u00e5r webbplats. Allt ansvar f\u00f6r inneh\u00e5llet i s\u00e5dana l\u00e4nkar vilar p\u00e5 \u00e4garna av s\u00e5dana l\u00e4nkar. Vi \u00e4r inte ansvariga f\u00f6r n\u00e5gra skador, direkta eller indirekta, till f\u00f6ljd av anv\u00e4ndningen av informationen p\u00e5 v\u00e5r webbplats.<\/p>\n<p><b>Upphovsr\u00e4tt:<\/b><br \/>\nAllt material p\u00e5 v\u00e5r webbplats, inklusive text, bilder, grafik, design och programvara \u00e4r skyddat av upphovsr\u00e4tt. Det \u00e4r f\u00f6rbjudet att anv\u00e4nda eller distribuera materialet utan tillst\u00e5nd fr\u00e5n upphovsr\u00e4ttsinnehavaren.<\/p>\n<p><b>Kontaktuppgifter:<\/b><br \/>\nOm du har n\u00e5gra fr\u00e5gor eller kommentarer om v\u00e5r webbplats eller v\u00e5rt f\u00f6retag, v\u00e4nligen kontakta oss via de kontaktuppgifter som anges ovan.<\/p>\n<p><b>Privatlivspolicy:<\/b><br \/>\nVi respekterar din integritet och skyddar dina personuppgifter. V\u00e4nligen se v\u00e5r integritetspolicy f\u00f6r mer information.<\/p>\n","protected":false},"excerpt":{"rendered":"<p>Denna webbplats \u00e4gs av Critisales AB. Vi str\u00e4var efter att tillhandah\u00e5lla relevant och anv\u00e4ndbar information till v\u00e5ra anv\u00e4ndare. F\u00f6retagets namn: Critisales AB Registrerat kontor: Linn\u00e9gatan 11C, 753 32 Uppsala, Sverige&hellip;<\/p>\n","protected":false},"author":1,"featured_media":0,"parent":0,"menu_order":0,"comment_status":"closed","ping_status":"closed","template":"","meta":{"footnotes":""},"class_list":["post-1118","page","type-page","status-publish","hentry"],"_links":{"self":[{"href":"https:\/\/critisales.com\/index.php?rest_route=\/wp\/v2\/pages\/1118","targetHints":{"allow":["GET"]}}],"collection":[{"href":"https:\/\/critisales.com\/index.php?rest_route=\/wp\/v2\/pages"}],"about":[{"href":"https:\/\/critisales.com\/index.php?rest_route=\/wp\/v2\/types\/page"}],"author":[{"embeddable":true,"href":"https:\/\/critisales.com\/index.php?rest_route=\/wp\/v2\/users\/1"}],"replies":[{"embeddable":true,"href":"https:\/\/critisales.com\/index.php?rest_route=%2Fwp%2Fv2%2Fcomments&post=1118"}],"version-history":[{"count":1,"href":"https:\/\/critisales.com\/index.php?rest_route=\/wp\/v2\/pages\/1118\/revisions"}],"predecessor-version":[{"id":1119,"href":"https:\/\/critisales.com\/index.php?rest_route=\/wp\/v2\/pages\/1118\/revisions\/1119"}],"wp:attachment":[{"href":"https:\/\/critisales.com\/index.php?rest_route=%2Fwp%2Fv2%2Fmedia&parent=1118"}],"curies":[{"name":"wp","href":"https:\/\/api.w.org\/{rel}","templated":true}]}}